{"id":240,"date":"2025-02-07T10:01:36","date_gmt":"2025-02-07T07:01:36","guid":{"rendered":"https:\/\/relsus.com.tr\/?page_id=240"},"modified":"2025-02-07T11:23:47","modified_gmt":"2025-02-07T08:23:47","slug":"soldieye","status":"publish","type":"page","link":"https:\/\/relsus.com.tr\/en-us\/urunler\/soldieye\/","title":{"rendered":"SoldiEYE"},"content":{"rendered":"<div data-elementor-type=\"wp-page\" data-elementor-id=\"240\" class=\"elementor elementor-240\" data-elementor-post-type=\"page\">\n\t\t\t\t<div class=\"elementor-element elementor-element-4355d3d e-flex e-con-boxed e-con e-parent\" data-id=\"4355d3d\" data-element_type=\"container\" data-settings=\"{&quot;ekit_has_onepagescroll_dot&quot;:&quot;yes&quot;}\">\n\t\t\t\t\t<div class=\"e-con-inner\">\n\t\t\t\t<div class=\"elementor-element elementor-element-5535fd5 elementor-widget elementor-widget-image\" data-id=\"5535fd5\" data-element_type=\"widget\" data-settings=\"{&quot;ekit_we_effect_on&quot;:&quot;none&quot;}\" data-widget_type=\"image.default\">\n\t\t\t\t<div class=\"elementor-widget-container\">\n\t\t\t\t\t\t\t\t\t\t\t\t\t\t\t<img decoding=\"async\" width=\"300\" height=\"89\" src=\"https:\/\/relsus.com.tr\/wp-content\/uploads\/2025\/02\/soldiEYE_LOGO-RENDER-300x89.png\" class=\"attachment-medium size-medium wp-image-167\" alt=\"\" srcset=\"https:\/\/relsus.com.tr\/wp-content\/uploads\/2025\/02\/soldiEYE_LOGO-RENDER-300x89.png 300w, https:\/\/relsus.com.tr\/wp-content\/uploads\/2025\/02\/soldiEYE_LOGO-RENDER-1024x303.png 1024w, https:\/\/relsus.com.tr\/wp-content\/uploads\/2025\/02\/soldiEYE_LOGO-RENDER-768x227.png 768w, https:\/\/relsus.com.tr\/wp-content\/uploads\/2025\/02\/soldiEYE_LOGO-RENDER-18x5.png 18w, https:\/\/relsus.com.tr\/wp-content\/uploads\/2025\/02\/soldiEYE_LOGO-RENDER.png 1282w\" sizes=\"(max-width: 300px) 100vw, 300px\" \/>\t\t\t\t\t\t\t\t\t\t\t\t\t\t\t<\/div>\n\t\t\t\t<\/div>\n\t\t\t\t\t<\/div>\n\t\t\t\t<\/div>\n\t\t<div class=\"elementor-element elementor-element-d43524d e-con-full e-flex e-con e-parent\" data-id=\"d43524d\" data-element_type=\"container\" data-settings=\"{&quot;ekit_has_onepagescroll_dot&quot;:&quot;yes&quot;}\">\n\t\t\t\t<div class=\"elementor-element elementor-element-24bd15c elementor-widget elementor-widget-image\" data-id=\"24bd15c\" data-element_type=\"widget\" data-settings=\"{&quot;ekit_we_effect_on&quot;:&quot;none&quot;}\" data-widget_type=\"image.default\">\n\t\t\t\t<div class=\"elementor-widget-container\">\n\t\t\t\t\t\t\t\t\t\t\t\t\t\t\t<img fetchpriority=\"high\" decoding=\"async\" width=\"1280\" height=\"834\" src=\"https:\/\/relsus.com.tr\/wp-content\/uploads\/soldiEYE.jpg\" class=\"attachment-full size-full wp-image-334\" alt=\"\" srcset=\"https:\/\/relsus.com.tr\/wp-content\/uploads\/soldiEYE.jpg 1280w, https:\/\/relsus.com.tr\/wp-content\/uploads\/soldiEYE-300x195.jpg 300w, https:\/\/relsus.com.tr\/wp-content\/uploads\/soldiEYE-1024x667.jpg 1024w, https:\/\/relsus.com.tr\/wp-content\/uploads\/soldiEYE-768x500.jpg 768w, https:\/\/relsus.com.tr\/wp-content\/uploads\/soldiEYE-18x12.jpg 18w\" sizes=\"(max-width: 1280px) 100vw, 1280px\" \/>\t\t\t\t\t\t\t\t\t\t\t\t\t\t\t<\/div>\n\t\t\t\t<\/div>\n\t\t\t\t<\/div>\n\t\t<div class=\"elementor-element elementor-element-2cdd539 e-flex e-con-boxed e-con e-parent\" data-id=\"2cdd539\" data-element_type=\"container\" data-settings=\"{&quot;ekit_has_onepagescroll_dot&quot;:&quot;yes&quot;}\">\n\t\t\t\t\t<div class=\"e-con-inner\">\n\t\t\t\t<div class=\"elementor-element elementor-element-dae069b elementor-widget elementor-widget-text-editor\" data-id=\"dae069b\" data-element_type=\"widget\" data-settings=\"{&quot;ekit_we_effect_on&quot;:&quot;none&quot;}\" data-widget_type=\"text-editor.default\">\n\t\t\t\t<div class=\"elementor-widget-container\">\n\t\t\t\t\t\t\t\t\t<p><strong>soldiEYE<\/strong>With its mobile structure, integrated radio link, imaging equipment, foldable solar panel, battery block and camera options that can be customized according to need, it effectively takes control of every point and transmits the images it obtains wirelessly (LOS) up to 15 km away.<\/p><p><strong>soldiEYE<\/strong> The Renewable Energy Powered, Mobile, Wireless, Surveillance and Image Transmission System is an important force multiplier in both military and civilian use, with its features that can be transported by vehicle or helicopter, can be put into operation within 15 minutes without requiring special equipment, logistic support and infrastructure, can operate with high reliability for long periods of time and each of which is shaped in line with the needs encountered in the field.<\/p>\t\t\t\t\t\t\t\t<\/div>\n\t\t\t\t<\/div>\n\t\t<div class=\"elementor-element elementor-element-7899bd1 e-con-full e-flex e-con e-child\" data-id=\"7899bd1\" data-element_type=\"container\" data-settings=\"{&quot;background_background&quot;:&quot;classic&quot;,&quot;ekit_has_onepagescroll_dot&quot;:&quot;yes&quot;}\">\n\t\t\t\t<div class=\"elementor-element elementor-element-c28148b elementor-view-default elementor-widget elementor-widget-icon\" data-id=\"c28148b\" data-element_type=\"widget\" data-settings=\"{&quot;ekit_we_effect_on&quot;:&quot;none&quot;}\" data-widget_type=\"icon.default\">\n\t\t\t\t<div class=\"elementor-widget-container\">\n\t\t\t\t\t\t\t<div class=\"elementor-icon-wrapper\">\n\t\t\t<div class=\"elementor-icon\">\n\t\t\t<svg aria-hidden=\"true\" class=\"e-font-icon-svg e-fas-file-pdf\" viewbox=\"0 0 384 512\" xmlns=\"http:\/\/www.w3.org\/2000\/svg\"><path d=\"M181.9 256.1c-5-16-4.9-46.9-2-46.9 8.4 0 7.6 36.9 2 46.9zm-1.7 47.2c-7.7 20.2-17.3 43.3-28.4 62.7 18.3-7 39-17.2 62.9-21.9-12.7-9.6-24.9-23.4-34.5-40.8zM86.1 428.1c0 .8 13.2-5.4 34.9-40.2-6.7 6.3-29.1 24.5-34.9 40.2zM248 160h136v328c0 13.3-10.7 24-24 24H24c-13.3 0-24-10.7-24-24V24C0 10.7 10.7 0 24 0h200v136c0 13.2 10.8 24 24 24zm-8 171.8c-20-12.2-33.3-29-42.7-53.8 4.5-18.5 11.6-46.6 6.2-64.2-4.7-29.4-42.4-26.5-47.8-6.8-5 18.3-.4 44.1 8.1 77-11.6 27.6-28.7 64.6-40.8 85.8-.1 0-.1.1-.2.1-27.1 13.9-73.6 44.5-54.5 68 5.6 6.9 16 10 21.5 10 17.9 0 35.7-18 61.1-61.8 25.8-8.5 54.1-19.1 79-23.2 21.7 11.8 47.1 19.5 64 19.5 29.2 0 31.2-32 19.7-43.4-13.9-13.6-54.3-9.7-73.6-7.2zM377 105L279 7c-4.5-4.5-10.6-7-17-7h-6v128h128v-6.1c0-6.3-2.5-12.4-7-16.9zm-74.1 255.3c4.1-2.7-2.5-11.9-42.8-9 37.1 15.8 42.8 9 42.8 9z\"><\/path><\/svg>\t\t\t<\/div>\n\t\t<\/div>\n\t\t\t\t\t\t<\/div>\n\t\t\t\t<\/div>\n\t\t\t\t<div class=\"elementor-element elementor-element-c2f6e37 elementor-widget elementor-widget-text-editor\" data-id=\"c2f6e37\" data-element_type=\"widget\" data-settings=\"{&quot;ekit_we_effect_on&quot;:&quot;none&quot;}\" data-widget_type=\"text-editor.default\">\n\t\t\t\t<div class=\"elementor-widget-container\">\n\t\t\t\t\t\t\t\t\t<p class=\"query-list\"><span class=\"sub-text\">soldiEYE Product Brochure<br \/><\/span><span class=\"text-heading\">Download<\/span><\/p>\t\t\t\t\t\t\t\t<\/div>\n\t\t\t\t<\/div>\n\t\t\t\t<div class=\"elementor-element elementor-element-23288db elementor-widget elementor-widget-elementskit-creative-button\" data-id=\"23288db\" data-element_type=\"widget\" data-settings=\"{&quot;ekit_we_effect_on&quot;:&quot;none&quot;}\" data-widget_type=\"elementskit-creative-button.default\">\n\t\t\t\t<div class=\"elementor-widget-container\">\n\t\t\t\t\t<div class=\"ekit-wid-con\" >\t\t<div class=\"ekit-btn-wraper\">\n\t\t\t\t\t\t\t\t<a href=\"\/wp-content\/uploads\/soldiEYE.pdf\" target=\"_blank\" class=\"ekit_creative_button ekit_moema\" id=\"\" data-text=\"\">\n\n\t\t\t\t\t\t\t\t\t\t\t\t\t<i aria-hidden=\"true\" class=\"ekit_creative_button_icon_before icon icon-right-arrow\"><\/i>\t\t\t\t\t\t\n\t\t\t\t\t\t<span class=\"ekit_creative_button_text\"><\/span>\n\n\t\t\t\t\t\t\t\t\t\t\t\t\t\t\t\t\t<\/a>\n\t\t\t\t\t\t<\/div>\n        <\/div>\t\t\t\t<\/div>\n\t\t\t\t<\/div>\n\t\t\t\t<\/div>\n\t\t\t\t<div class=\"elementor-element elementor-element-210af02 e-n-tabs-mobile elementor-widget elementor-widget-n-tabs\" data-id=\"210af02\" data-element_type=\"widget\" data-settings=\"{&quot;tabs_justify_horizontal&quot;:&quot;stretch&quot;,&quot;_animation&quot;:&quot;none&quot;,&quot;horizontal_scroll&quot;:&quot;disable&quot;,&quot;ekit_we_effect_on&quot;:&quot;none&quot;}\" data-widget_type=\"nested-tabs.default\">\n\t\t\t\t<div class=\"elementor-widget-container\">\n\t\t\t\t\t\t\t<div class=\"e-n-tabs\" data-widget-number=\"34647810\" aria-label=\"Tabs. Open items with Enter or Space, close with Escape and navigate using the Arrow keys.\">\n\t\t\t<div class=\"e-n-tabs-heading\" role=\"tablist\">\n\t\t\t\t\t<button id=\"e-n-tab-title-346478101\" class=\"e-n-tab-title\" aria-selected=\"true\" data-tab-index=\"1\" role=\"tab\" tabindex=\"0\" aria-controls=\"e-n-tab-content-346478101\" style=\"--n-tabs-title-order: 1;\">\n\t\t\t\t\t\t<span class=\"e-n-tab-title-text\">\n\t\t\t\tTechnical Specifications\t\t\t<\/span>\n\t\t<\/button>\n\t\t\t\t<button id=\"e-n-tab-title-346478102\" class=\"e-n-tab-title\" aria-selected=\"false\" data-tab-index=\"2\" role=\"tab\" tabindex=\"-1\" aria-controls=\"e-n-tab-content-346478102\" style=\"--n-tabs-title-order: 2;\">\n\t\t\t\t\t\t<span class=\"e-n-tab-title-text\">\n\t\t\t\tMilitary and Security Use Areas\t\t\t<\/span>\n\t\t<\/button>\n\t\t\t\t<button id=\"e-n-tab-title-346478103\" class=\"e-n-tab-title\" aria-selected=\"false\" data-tab-index=\"3\" role=\"tab\" tabindex=\"-1\" aria-controls=\"e-n-tab-content-346478103\" style=\"--n-tabs-title-order: 3;\">\n\t\t\t\t\t\t<span class=\"e-n-tab-title-text\">\n\t\t\t\tCivilian Use Areas\t\t\t<\/span>\n\t\t<\/button>\n\t\t\t\t<button id=\"e-n-tab-title-346478104\" class=\"e-n-tab-title\" aria-selected=\"false\" data-tab-index=\"4\" role=\"tab\" tabindex=\"-1\" aria-controls=\"e-n-tab-content-346478104\" style=\"--n-tabs-title-order: 4;\">\n\t\t\t\t\t\t<span class=\"e-n-tab-title-text\">\n\t\t\t\tFeatured Features\t\t\t<\/span>\n\t\t<\/button>\n\t\t\t\t\t<\/div>\n\t\t\t<div class=\"e-n-tabs-content\">\n\t\t\t\t<div id=\"e-n-tab-content-346478101\" role=\"tabpanel\" aria-labelledby=\"e-n-tab-title-346478101\" data-tab-index=\"1\" style=\"--n-tabs-title-order: 1;\" class=\"e-active elementor-element elementor-element-e421f97 e-con-full e-flex elementor-invisible e-con e-child\" data-id=\"e421f97\" data-element_type=\"container\" data-settings=\"{&quot;animation&quot;:&quot;fadeInUp&quot;,&quot;ekit_has_onepagescroll_dot&quot;:&quot;yes&quot;}\">\n\t\t\t\t<div class=\"elementor-element elementor-element-798b016 elementor-widget elementor-widget-image\" data-id=\"798b016\" data-element_type=\"widget\" data-settings=\"{&quot;ekit_we_effect_on&quot;:&quot;none&quot;}\" data-widget_type=\"image.default\">\n\t\t\t\t<div class=\"elementor-widget-container\">\n\t\t\t\t\t\t\t\t\t\t\t\t\t\t\t<img decoding=\"async\" width=\"800\" height=\"778\" src=\"https:\/\/relsus.com.tr\/wp-content\/uploads\/2025\/02\/soldiEYE-1-1024x996.jpg\" class=\"attachment-large size-large wp-image-168\" alt=\"\" srcset=\"https:\/\/relsus.com.tr\/wp-content\/uploads\/2025\/02\/soldiEYE-1-1024x996.jpg 1024w, https:\/\/relsus.com.tr\/wp-content\/uploads\/2025\/02\/soldiEYE-1-300x292.jpg 300w, https:\/\/relsus.com.tr\/wp-content\/uploads\/2025\/02\/soldiEYE-1-768x747.jpg 768w, https:\/\/relsus.com.tr\/wp-content\/uploads\/2025\/02\/soldiEYE-1-1536x1494.jpg 1536w, https:\/\/relsus.com.tr\/wp-content\/uploads\/2025\/02\/soldiEYE-1-2048x1992.jpg 2048w, https:\/\/relsus.com.tr\/wp-content\/uploads\/2025\/02\/soldiEYE-1-12x12.jpg 12w, https:\/\/relsus.com.tr\/wp-content\/uploads\/2025\/02\/soldiEYE-1-scaled.jpg 1920w\" sizes=\"(max-width: 800px) 100vw, 800px\" \/>\t\t\t\t\t\t\t\t\t\t\t\t\t\t\t<\/div>\n\t\t\t\t<\/div>\n\t\t\t\t<\/div>\n\t\t<div id=\"e-n-tab-content-346478102\" role=\"tabpanel\" aria-labelledby=\"e-n-tab-title-346478102\" data-tab-index=\"2\" style=\"--n-tabs-title-order: 2;\" class=\"elementor-element elementor-element-cceaf33 e-con-full e-flex elementor-invisible e-con e-child\" data-id=\"cceaf33\" data-element_type=\"container\" data-settings=\"{&quot;animation&quot;:&quot;fadeInUp&quot;,&quot;ekit_has_onepagescroll_dot&quot;:&quot;yes&quot;}\">\n\t\t\t\t<div class=\"elementor-element elementor-element-2981228 elementor-widget elementor-widget-text-editor\" data-id=\"2981228\" data-element_type=\"widget\" data-settings=\"{&quot;ekit_we_effect_on&quot;:&quot;none&quot;}\" data-widget_type=\"text-editor.default\">\n\t\t\t\t<div class=\"elementor-widget-container\">\n\t\t\t\t\t\t\t\t\t<ul><li>Base Areas and Outposts<\/li><li>Border Security Zones<\/li><li>Mobile Patrols and Mobile Units<\/li><li>Road Checkpoints<\/li><li>Coastal Watch Points<\/li><li>Critical Facilities<\/li><li>City Centers (Rally and Concert Areas)<\/li><li>Regions Where Social Events Happen<\/li><\/ul>\t\t\t\t\t\t\t\t<\/div>\n\t\t\t\t<\/div>\n\t\t\t\t<\/div>\n\t\t<div id=\"e-n-tab-content-346478103\" role=\"tabpanel\" aria-labelledby=\"e-n-tab-title-346478103\" data-tab-index=\"3\" style=\"--n-tabs-title-order: 3;\" class=\"elementor-element elementor-element-7cfd82f e-con-full e-flex elementor-invisible e-con e-child\" data-id=\"7cfd82f\" data-element_type=\"container\" data-settings=\"{&quot;animation&quot;:&quot;fadeInUp&quot;,&quot;ekit_has_onepagescroll_dot&quot;:&quot;yes&quot;}\">\n\t\t\t\t<div class=\"elementor-element elementor-element-0c7f10f elementor-widget elementor-widget-text-editor\" data-id=\"0c7f10f\" data-element_type=\"widget\" data-settings=\"{&quot;ekit_we_effect_on&quot;:&quot;none&quot;}\" data-widget_type=\"text-editor.default\">\n\t\t\t\t<div class=\"elementor-widget-container\">\n\t\t\t\t\t\t\t\t\t<ul><li>Disaster Areas<\/li><li>Fire Lookout Towers<\/li><li>Refugee Camps and Shelters<\/li><li>Detached Houses and Farms<\/li><li>Camping and Picnic Areas<\/li><li>Caravans and Boats<\/li><li>Agriculture and Forestry Areas<\/li><li>Mines and Construction Sites<\/li><\/ul>\t\t\t\t\t\t\t\t<\/div>\n\t\t\t\t<\/div>\n\t\t\t\t<\/div>\n\t\t<div id=\"e-n-tab-content-346478104\" role=\"tabpanel\" aria-labelledby=\"e-n-tab-title-346478104\" data-tab-index=\"4\" style=\"--n-tabs-title-order: 4;\" class=\"elementor-element elementor-element-0cb1eb6 e-flex e-con-boxed elementor-invisible e-con e-child\" data-id=\"0cb1eb6\" data-element_type=\"container\" data-settings=\"{&quot;animation&quot;:&quot;fadeInUp&quot;,&quot;ekit_has_onepagescroll_dot&quot;:&quot;yes&quot;}\">\n\t\t\t\t\t<div class=\"e-con-inner\">\n\t\t\t\t<div class=\"elementor-element elementor-element-8009e74 elementor-widget elementor-widget-text-editor\" data-id=\"8009e74\" data-element_type=\"widget\" data-settings=\"{&quot;ekit_we_effect_on&quot;:&quot;none&quot;}\" data-widget_type=\"text-editor.default\">\n\t\t\t\t<div class=\"elementor-widget-container\">\n\t\t\t\t\t\t\t\t\t<ul><li>Smart Energy Management<\/li><li>High Reliability<\/li><li>Easy and Fast Installation<\/li><li>Portable, Modular, Compact, Self-Contained and Maintenance-Free Design<\/li><li>Different Voltage and Power Output Options<\/li><li>Quiet Operation<\/li><li>Suitable for Harsh Climatic Conditions<\/li><li>Fan Cooling<\/li><\/ul>\t\t\t\t\t\t\t\t<\/div>\n\t\t\t\t<\/div>\n\t\t\t\t\t<\/div>\n\t\t\t\t<\/div>\n\t\t\t\t\t<\/div>\n\t\t<\/div>\n\t\t\t\t\t\t<\/div>\n\t\t\t\t<\/div>\n\t\t\t\t\t<\/div>\n\t\t\t\t<\/div>\n\t\t\t\t<\/div>","protected":false},"excerpt":{"rendered":"<p>soldiEYE, mobil yap\u0131s\u0131, entegre radyolink, g\u00f6r\u00fcnt\u00fcleme donan\u0131m\u0131, katlanabilir g\u00fcne\u015f paneli, ak\u00fc blo\u011fu ve ihtiyaca g\u00f6re \u00f6zelle\u015ftirilebilen kamera se\u00e7enekleri ile her noktay\u0131 etkin bir \u015fekilde kontrol alt\u0131na al\u0131yor ve elde etti\u011fi g\u00f6r\u00fcnt\u00fcy\u00fc 15 km mesafeye kadar kablosuz olarak (LOS) aktar\u0131yor. soldiEYE Yenilenebilir Enerji Beslemeli, Mobil, Kablosuz, G\u00f6zetleme ve G\u00f6r\u00fcnt\u00fc Aktarma Sistemi, ara\u00e7 ya da helikopterle ta\u015f\u0131nabilmesi, [&hellip;]<\/p>","protected":false},"author":1,"featured_media":0,"parent":28,"menu_order":0,"comment_status":"closed","ping_status":"closed","template":"","meta":{"pagelayer_contact_templates":[],"_pagelayer_content":"","footnotes":""},"class_list":["post-240","page","type-page","status-publish","hentry"],"_links":{"self":[{"href":"https:\/\/relsus.com.tr\/en-us\/wp-json\/wp\/v2\/pages\/240","targetHints":{"allow":["GET"]}}],"collection":[{"href":"https:\/\/relsus.com.tr\/en-us\/wp-json\/wp\/v2\/pages"}],"about":[{"href":"https:\/\/relsus.com.tr\/en-us\/wp-json\/wp\/v2\/types\/page"}],"author":[{"embeddable":true,"href":"https:\/\/relsus.com.tr\/en-us\/wp-json\/wp\/v2\/users\/1"}],"replies":[{"embeddable":true,"href":"https:\/\/relsus.com.tr\/en-us\/wp-json\/wp\/v2\/comments?post=240"}],"version-history":[{"count":20,"href":"https:\/\/relsus.com.tr\/en-us\/wp-json\/wp\/v2\/pages\/240\/revisions"}],"predecessor-version":[{"id":346,"href":"https:\/\/relsus.com.tr\/en-us\/wp-json\/wp\/v2\/pages\/240\/revisions\/346"}],"up":[{"embeddable":true,"href":"https:\/\/relsus.com.tr\/en-us\/wp-json\/wp\/v2\/pages\/28"}],"wp:attachment":[{"href":"https:\/\/relsus.com.tr\/en-us\/wp-json\/wp\/v2\/media?parent=240"}],"curies":[{"name":"wp","href":"https:\/\/api.w.org\/{rel}","templated":true}]}}