{"id":398,"date":"2025-02-07T14:20:57","date_gmt":"2025-02-07T11:20:57","guid":{"rendered":"https:\/\/relsus.com.tr\/?page_id=398"},"modified":"2025-02-07T14:37:51","modified_gmt":"2025-02-07T11:37:51","slug":"guvenlik-kuleleri","status":"publish","type":"page","link":"https:\/\/relsus.com.tr\/en-us\/kabiliyetler-ve-cozumler\/guvenlik-kuleleri\/","title":{"rendered":"G\u00fcvenlik Kuleleri G\u00f6zetleme Sistemi"},"content":{"rendered":"<div data-elementor-type=\"wp-page\" data-elementor-id=\"398\" class=\"elementor elementor-398\" data-elementor-post-type=\"page\">\n\t\t\t\t<div class=\"elementor-element elementor-element-07044b5 e-flex e-con-boxed e-con e-parent\" data-id=\"07044b5\" data-element_type=\"container\" data-settings=\"{&quot;ekit_has_onepagescroll_dot&quot;:&quot;yes&quot;}\">\n\t\t\t\t\t<div class=\"e-con-inner\">\n\t\t<div class=\"elementor-element elementor-element-46ddb85 e-con-full e-flex e-con e-child\" data-id=\"46ddb85\" data-element_type=\"container\" data-settings=\"{&quot;ekit_has_onepagescroll_dot&quot;:&quot;yes&quot;}\">\n\t\t\t\t<div class=\"elementor-element elementor-element-d8bbb54 elementor-widget elementor-widget-heading\" data-id=\"d8bbb54\" data-element_type=\"widget\" data-settings=\"{&quot;ekit_we_effect_on&quot;:&quot;none&quot;}\" data-widget_type=\"heading.default\">\n\t\t\t\t<div class=\"elementor-widget-container\">\n\t\t\t\t\t<h2 class=\"elementor-heading-title elementor-size-default\">\nCapabilities and Solutions\n<\/h2>\t\t\t\t<\/div>\n\t\t\t\t<\/div>\n\t\t\t\t<\/div>\n\t\t\t\t<div class=\"elementor-element elementor-element-bff8b57 elementor-widget elementor-widget-image\" data-id=\"bff8b57\" data-element_type=\"widget\" data-settings=\"{&quot;ekit_we_effect_on&quot;:&quot;none&quot;}\" data-widget_type=\"image.default\">\n\t\t\t\t<div class=\"elementor-widget-container\">\n\t\t\t\t\t\t\t\t\t\t\t\t\t\t\t<img fetchpriority=\"high\" decoding=\"async\" width=\"768\" height=\"473\" src=\"https:\/\/relsus.com.tr\/wp-content\/uploads\/2025\/02\/ertu-768x473.jpg\" class=\"attachment-medium_large size-medium_large wp-image-149\" alt=\"\" srcset=\"https:\/\/relsus.com.tr\/wp-content\/uploads\/2025\/02\/ertu-768x473.jpg 768w, https:\/\/relsus.com.tr\/wp-content\/uploads\/2025\/02\/ertu-300x185.jpg 300w, https:\/\/relsus.com.tr\/wp-content\/uploads\/2025\/02\/ertu-1024x630.jpg 1024w, https:\/\/relsus.com.tr\/wp-content\/uploads\/2025\/02\/ertu-1536x946.jpg 1536w, https:\/\/relsus.com.tr\/wp-content\/uploads\/2025\/02\/ertu-2048x1261.jpg 2048w, https:\/\/relsus.com.tr\/wp-content\/uploads\/2025\/02\/ertu-18x12.jpg 18w, https:\/\/relsus.com.tr\/wp-content\/uploads\/2025\/02\/ertu.jpg 1920w\" sizes=\"(max-width: 768px) 100vw, 768px\" \/>\t\t\t\t\t\t\t\t\t\t\t\t\t\t\t<\/div>\n\t\t\t\t<\/div>\n\t\t<div class=\"elementor-element elementor-element-85f07ec e-con-full e-flex e-con e-child\" data-id=\"85f07ec\" data-element_type=\"container\" data-settings=\"{&quot;ekit_has_onepagescroll_dot&quot;:&quot;yes&quot;}\">\n\t\t\t\t<div class=\"elementor-element elementor-element-be3e807 elementor-widget elementor-widget-text-editor\" data-id=\"be3e807\" data-element_type=\"widget\" data-settings=\"{&quot;ekit_we_effect_on&quot;:&quot;none&quot;}\" data-widget_type=\"text-editor.default\">\n\t\t\t\t<div class=\"elementor-widget-container\">\n\t\t\t\t\t\t\t\t\t<div class=\"elementor-element elementor-element-66676d41 elementor-widget elementor-widget-text-editor\" data-id=\"66676d41\" data-element_type=\"widget\" data-widget_type=\"text-editor.default\"><div class=\"elementor-widget-container\"><p>It is a system solution created to increase the effectiveness of security towers used for road and environmental security purposes and to provide environmental security and reconnaissance imaging that security personnel need while performing their duties.<\/p><p>Sistemin kurulmas\u0131 ve i\u015fletmesi asgari seviye personel ile ger\u00e7ekle\u015ftirilmektedir. Sistemin 7\/24 i\u015fletilmesi i\u00e7in ihtiya\u00e7 duyulan enerji g\u00fcvenli\u011fi sa\u011flanarak, enerji kaynakl\u0131 g\u00f6zetleme kesintilerine kar\u015f\u0131 \u00f6nlem al\u0131nm\u0131\u015ft\u0131r.<\/p><p>G\u00f6zetleme etkinli\u011finin art\u0131r\u0131lmas\u0131 amac\u0131yla kablosuz g\u00f6r\u00fcnt\u00fcleme imkan\u0131 kullan\u0131c\u0131ya sa\u011flanm\u0131\u015f olup; bu sayede g\u00fcvenlik kulelerinin uzak mesafelerden ke\u015fif ve g\u00f6zetleme yetene\u011fi kullan\u0131c\u0131ya sunulmu\u015ftur.<\/p><p>Kablosuz haberle\u015fme sistemi ile birden fazla g\u00fcvenlik kulelerinden elde edilen g\u00f6r\u00fcnt\u00fcler, b\u00f6lgede olu\u015fturulan merkezi bir noktaya toplanarak komuta kontrol kolayl\u0131\u011f\u0131 sa\u011flanm\u0131\u015ft\u0131r.<\/p><\/div><\/div><div class=\"elementor-element elementor-element-69e01df9 elementor-widget elementor-widget-heading\" data-id=\"69e01df9\" data-element_type=\"widget\" data-widget_type=\"heading.default\"><div class=\"elementor-widget-container\"><h6 class=\"elementor-heading-title elementor-size-default\"><span style=\"color: #002a43;\">G\u00fcvenlik Kuleleri G\u00f6zetleme sistem \u00e7\u00f6z\u00fcm\u00fc a\u015fa\u011f\u0131da verilen bile\u015fenlerden olu\u015fmaktad\u0131r:<\/span><\/h6><\/div><\/div><section class=\"elementor-section elementor-inner-section elementor-element elementor-element-3431d8b2 elementor-section-content-middle elementor-section-boxed elementor-section-height-default elementor-section-height-default\" data-id=\"3431d8b2\" data-element_type=\"section\"><div class=\"elementor-container elementor-column-gap-default\"><div class=\"elementor-column elementor-col-100 elementor-inner-column elementor-element elementor-element-5fc369b2\" data-id=\"5fc369b2\" data-element_type=\"column\"><div class=\"elementor-widget-wrap elementor-element-populated\"><div class=\"elementor-element elementor-element-6bc9fa41 elementor-widget elementor-widget-react-heading\" data-id=\"6bc9fa41\" data-element_type=\"widget\" data-widget_type=\"react-heading.default\"><div class=\"elementor-widget-container\"><div class=\"react-heading default title-border-no\"><div class=\"title-inner no\">\u00a0<\/div><div class=\"description aos-init aos-animate\" data-aos-delay=\"350\" data-aos=\"fade-up\" data-aos-duration=\"800\" data-aos-once=\"true\"><ul><li>soldiPCCS Portable Command and Control System<\/li><li>soldi Hybrid Energy Generation and Storage System<\/li><li>soldiEYE Wireless Imaging System<\/li><li>Wireless Communication System<\/li><li>Perimeter Surveillance Camera System<\/li><li>\u00c7evre G\u00f6zetleme Termal Kamera Sistemi<\/li><\/ul><\/div><\/div><\/div><\/div><\/div><\/div><\/div><\/section>\t\t\t\t\t\t\t\t<\/div>\n\t\t\t\t<\/div>\n\t\t\t\t<\/div>\n\t\t\t\t\t<\/div>\n\t\t\t\t<\/div>\n\t\t\t\t<\/div>","protected":false},"excerpt":{"rendered":"<p>Kabiliyetler ve \u00c7\u00f6z\u00fcmler Yol ve \u00e7evre g\u00fcvenli\u011fi amac\u0131yla kullan\u0131lan g\u00fcvenlik kulelerinin etkinli\u011finin art\u0131r\u0131lmas\u0131 ve g\u00fcvenlik personelinin g\u00f6revlerini yaparken ihtiya\u00e7 duyduklar\u0131 \u00e7evre g\u00fcvenli\u011fi ve ke\u015fif ama\u00e7l\u0131 g\u00f6r\u00fcnt\u00fcleme amac\u0131yla olu\u015fturulan sistem \u00e7\u00f6z\u00fcm\u00fcd\u00fcr. Sistemin kurulmas\u0131 ve i\u015fletmesi asgari seviye personel ile ger\u00e7ekle\u015ftirilmektedir. Sistemin 7\/24 i\u015fletilmesi i\u00e7in ihtiya\u00e7 duyulan enerji g\u00fcvenli\u011fi sa\u011flanarak, enerji kaynakl\u0131 g\u00f6zetleme kesintilerine kar\u015f\u0131 \u00f6nlem al\u0131nm\u0131\u015ft\u0131r. [&hellip;]<\/p>","protected":false},"author":1,"featured_media":149,"parent":29,"menu_order":0,"comment_status":"closed","ping_status":"closed","template":"","meta":{"pagelayer_contact_templates":[],"_pagelayer_content":"","footnotes":""},"class_list":["post-398","page","type-page","status-publish","has-post-thumbnail","hentry"],"_links":{"self":[{"href":"https:\/\/relsus.com.tr\/en-us\/wp-json\/wp\/v2\/pages\/398","targetHints":{"allow":["GET"]}}],"collection":[{"href":"https:\/\/relsus.com.tr\/en-us\/wp-json\/wp\/v2\/pages"}],"about":[{"href":"https:\/\/relsus.com.tr\/en-us\/wp-json\/wp\/v2\/types\/page"}],"author":[{"embeddable":true,"href":"https:\/\/relsus.com.tr\/en-us\/wp-json\/wp\/v2\/users\/1"}],"replies":[{"embeddable":true,"href":"https:\/\/relsus.com.tr\/en-us\/wp-json\/wp\/v2\/comments?post=398"}],"version-history":[{"count":19,"href":"https:\/\/relsus.com.tr\/en-us\/wp-json\/wp\/v2\/pages\/398\/revisions"}],"predecessor-version":[{"id":435,"href":"https:\/\/relsus.com.tr\/en-us\/wp-json\/wp\/v2\/pages\/398\/revisions\/435"}],"up":[{"embeddable":true,"href":"https:\/\/relsus.com.tr\/en-us\/wp-json\/wp\/v2\/pages\/29"}],"wp:featuredmedia":[{"embeddable":true,"href":"https:\/\/relsus.com.tr\/en-us\/wp-json\/wp\/v2\/media\/149"}],"wp:attachment":[{"href":"https:\/\/relsus.com.tr\/en-us\/wp-json\/wp\/v2\/media?parent=398"}],"curies":[{"name":"wp","href":"https:\/\/api.w.org\/{rel}","templated":true}]}}